{"id":21,"date":"2022-02-02T11:03:46","date_gmt":"2022-02-02T11:03:46","guid":{"rendered":"https:\/\/prettytrendie.com\/?page_id=21"},"modified":"2022-03-17T09:42:43","modified_gmt":"2022-03-17T09:42:43","slug":"about-us","status":"publish","type":"page","link":"https:\/\/www.prettytrendie.com\/it\/about-us\/","title":{"rendered":"Chi siamo"},"content":{"rendered":"<p>&nbsp;<\/p>\n<blockquote>\n<p style=\"text-align: center;\"><img loading=\"lazy\" decoding=\"async\" class=\"alignnone size-full wp-image-397\" src=\"https:\/\/prettytrendie.com\/it\/wp-content\/uploads\/2022\/03\/pretty02.jpg\" alt=\"\" width=\"162\" height=\"60\" srcset=\"https:\/\/www.prettytrendie.com\/it\/wp-content\/uploads\/2022\/03\/pretty02.jpg 162w, https:\/\/www.prettytrendie.com\/it\/wp-content\/uploads\/2022\/03\/pretty02-120x44.jpg 120w, https:\/\/www.prettytrendie.com\/it\/wp-content\/uploads\/2022\/03\/pretty02-90x33.jpg 90w\" sizes=\"auto, (max-width: 162px) 100vw, 162px\" \/><\/p>\n<p>Pretty Trendie &#8211; Migliora il tuo aspetto e il tuo stile con le ultime tendenze della moda!<\/p><\/blockquote>\n<p><a href=\"http:\/\/prettytrendie.com\"><strong>Pretty Trendie<\/strong><\/a> \u00e8 un blog di moda specializzato nelle ultime tendenze della moda e dello shopping. Il nostro obiettivo \u00e8 essere il miglior riferimento che evidenzier\u00e0 le necessit\u00e0 di ogni donna per elevare il proprio stile e aumentare la propria sicurezza mentre affrontano il nostro nuovo mondo normale.<\/p>\n<p>Crediamo che far fronte all&#8217;ultima tendenza della moda non sia veramente costoso, \u00e8 un investimento che ti dar\u00e0 l&#8217;opportunit\u00e0 di rimanere alla moda, con stile in base a come scegli i tuoi <strong><em>abiti di moda<\/em><\/strong>, <em><strong>borse<\/strong><\/em>, <em><strong>scarpe<\/strong><\/em>, <em>gioielli<\/em>, <em><strong>orologi<\/strong> <\/em>e <strong><em>bellezza &amp; Prodotti per la cura della pelle<\/em><\/strong>. Con tutti i mezzi, non devi lottare perch\u00e9 le tendenze della moda cambiano ogni stagione e ogni anno.<\/p>\n<p><a href=\"http:\/\/prettytrendie.com\"><em>PrettyTrendie.com<\/em><\/a> conterr\u00e0 suggerimenti e articoli di blog guida per le donne interessate alle tendenze della moda, allo stile di vita e allo shopping. Inizia a esplorare il nostro sito Web oggi e impara dai migliori suggerimenti e articoli guida che sicuramente ti aiuteranno a migliorare il tuo senso e gusto per la moda allo stesso tempo.<\/p>\n","protected":false},"excerpt":{"rendered":"<p>&nbsp; Pretty Trendie &#8211; Migliora il tuo aspetto e il tuo stile con le ultime tendenze della moda! Pretty Trendie \u00e8 un blog di moda specializzato nelle ultime tendenze della&hellip;<\/p>\n","protected":false},"author":1,"featured_media":0,"parent":0,"menu_order":0,"comment_status":"closed","ping_status":"closed","template":"","meta":{"footnotes":""},"class_list":["post-21","page","type-page","status-publish"],"_links":{"self":[{"href":"https:\/\/www.prettytrendie.com\/it\/wp-json\/wp\/v2\/pages\/21","targetHints":{"allow":["GET"]}}],"collection":[{"href":"https:\/\/www.prettytrendie.com\/it\/wp-json\/wp\/v2\/pages"}],"about":[{"href":"https:\/\/www.prettytrendie.com\/it\/wp-json\/wp\/v2\/types\/page"}],"author":[{"embeddable":true,"href":"https:\/\/www.prettytrendie.com\/it\/wp-json\/wp\/v2\/users\/1"}],"replies":[{"embeddable":true,"href":"https:\/\/www.prettytrendie.com\/it\/wp-json\/wp\/v2\/comments?post=21"}],"version-history":[{"count":4,"href":"https:\/\/www.prettytrendie.com\/it\/wp-json\/wp\/v2\/pages\/21\/revisions"}],"predecessor-version":[{"id":404,"href":"https:\/\/www.prettytrendie.com\/it\/wp-json\/wp\/v2\/pages\/21\/revisions\/404"}],"wp:attachment":[{"href":"https:\/\/www.prettytrendie.com\/it\/wp-json\/wp\/v2\/media?parent=21"}],"curies":[{"name":"wp","href":"https:\/\/api.w.org\/{rel}","templated":true}]}}