{"id":21,"date":"2022-02-02T11:03:46","date_gmt":"2022-02-02T11:03:46","guid":{"rendered":"https:\/\/prettytrendie.com\/?page_id=21"},"modified":"2022-03-17T09:29:45","modified_gmt":"2022-03-17T09:29:45","slug":"about-us","status":"publish","type":"page","link":"https:\/\/www.prettytrendie.com\/es\/about-us\/","title":{"rendered":"Sobre Nosotros"},"content":{"rendered":"<p><img loading=\"lazy\" decoding=\"async\" class=\"size-full wp-image-383 aligncenter\" src=\"https:\/\/prettytrendie.com\/es\/wp-content\/uploads\/2022\/03\/pretty02.jpg\" alt=\"\" width=\"162\" height=\"60\" srcset=\"https:\/\/www.prettytrendie.com\/es\/wp-content\/uploads\/2022\/03\/pretty02.jpg 162w, https:\/\/www.prettytrendie.com\/es\/wp-content\/uploads\/2022\/03\/pretty02-120x44.jpg 120w, https:\/\/www.prettytrendie.com\/es\/wp-content\/uploads\/2022\/03\/pretty02-90x33.jpg 90w\" sizes=\"auto, (max-width: 162px) 100vw, 162px\" \/><\/p>\n<p>&nbsp;<\/p>\n<blockquote><p>Pretty Trendie &#8211; \u00a1Sube de nivel tu apariencia y estilo con las \u00faltimas tendencias de la moda!<\/p><\/blockquote>\n<p><a href=\"https:\/\/prettytrendie.com\/\"><strong>Pretty Trendie<\/strong><\/a> es un blog de moda especializado en las \u00faltimas tendencias en moda y compras. Nuestro objetivo es ser la mejor referencia que resaltar\u00e1 las necesidades de cada mujer para mejorar su estilo y aumentar su confianza a medida que se enfrentan a nuestro nuevo mundo normal.<\/p>\n<p>Creemos que adaptarse a la \u00faltima tendencia de la moda no es realmente costoso, es una inversi\u00f3n que le dar\u00e1 la oportunidad de mantenerse a la moda, con estilo de acuerdo con c\u00f3mo elija su <em><strong>ropa de moda<\/strong><\/em>, <em><strong>bolsos<\/strong><\/em>, <em><strong>zapatos<\/strong><\/em>, <em><strong>joyas<\/strong><\/em>, <em><strong>relojes<\/strong><\/em> y<em><strong> belleza &amp; Productos para el cuidado de la piel<\/strong><\/em>. Por supuesto, no tienes que estar luchando porque las tendencias de la moda cambian cada temporada y cada a\u00f1o.<\/p>\n<p><a href=\"https:\/\/prettytrendie.com\/\"><em>PrettyTrendie.com<\/em><\/a> presentar\u00e1 consejos y art\u00edculos de blog de gu\u00eda para mujeres interesadas en las tendencias de la moda, el estilo de vida y las compras. Comience a explorar nuestro sitio web hoy y aprenda de los mejores consejos y art\u00edculos de gu\u00eda que seguramente lo ayudar\u00e1n a mejorar su sentido de la moda y su gusto al mismo tiempo.<\/p>\n","protected":false},"excerpt":{"rendered":"<p>&nbsp; Pretty Trendie &#8211; \u00a1Sube de nivel tu apariencia y estilo con las \u00faltimas tendencias de la moda! Pretty Trendie es un blog de moda especializado en las \u00faltimas tendencias&hellip;<\/p>\n","protected":false},"author":1,"featured_media":0,"parent":0,"menu_order":0,"comment_status":"closed","ping_status":"closed","template":"","meta":{"footnotes":""},"class_list":["post-21","page","type-page","status-publish"],"_links":{"self":[{"href":"https:\/\/www.prettytrendie.com\/es\/wp-json\/wp\/v2\/pages\/21","targetHints":{"allow":["GET"]}}],"collection":[{"href":"https:\/\/www.prettytrendie.com\/es\/wp-json\/wp\/v2\/pages"}],"about":[{"href":"https:\/\/www.prettytrendie.com\/es\/wp-json\/wp\/v2\/types\/page"}],"author":[{"embeddable":true,"href":"https:\/\/www.prettytrendie.com\/es\/wp-json\/wp\/v2\/users\/1"}],"replies":[{"embeddable":true,"href":"https:\/\/www.prettytrendie.com\/es\/wp-json\/wp\/v2\/comments?post=21"}],"version-history":[{"count":4,"href":"https:\/\/www.prettytrendie.com\/es\/wp-json\/wp\/v2\/pages\/21\/revisions"}],"predecessor-version":[{"id":389,"href":"https:\/\/www.prettytrendie.com\/es\/wp-json\/wp\/v2\/pages\/21\/revisions\/389"}],"wp:attachment":[{"href":"https:\/\/www.prettytrendie.com\/es\/wp-json\/wp\/v2\/media?parent=21"}],"curies":[{"name":"wp","href":"https:\/\/api.w.org\/{rel}","templated":true}]}}